{"id":116,"date":"2021-02-04T16:04:59","date_gmt":"2021-02-04T19:04:59","guid":{"rendered":"http:\/\/172.16.0.3\/?page_id=116"},"modified":"2022-07-28T08:50:57","modified_gmt":"2022-07-28T11:50:57","slug":"codigo-de-etica-2","status":"publish","type":"page","link":"https:\/\/www.baldin-bioenergia.com.br\/?page_id=116","title":{"rendered":"C\u00f3digo de \u00c9tica"},"content":{"rendered":"\n<p>O C\u00f3digo de \u00c9tica da Baldin Bioenergia \u00e9 mais um exemplo da transpar\u00eancia e profissionalismo com que desejamos conduzir os neg\u00f3cios da&nbsp; empresa.<br>Junto com a nossa Vis\u00e3o, Valores e Miss\u00e3o, este c\u00f3digo \u00e9 um importante e saud\u00e1vel guia de relacionamento com todos os nossos associados: clientes, funcion\u00e1rios, fornecedores e comunidade.<br>A seguran\u00e7a dos direitos e obriga\u00e7\u00f5es da empresa \u00e9 fortalecida a partir do momento que todos n\u00f3s, sem exce\u00e7\u00e3o, nos comprometemos com os ideais deste c\u00f3digo.<br>Contamos com cada um para sermos&nbsp; exemplos de rigor na aplica\u00e7\u00e3o dele no dia-a-dia.<\/p>\n\n\n\n<p><strong>A FINALIDADE DO C\u00d3DIGO DE \u00c9TICA<\/strong><\/p>\n\n\n\n<p>Assegurar que todas as decis\u00f5es tomadas pela Baldin Bioenergia S\/A observem as leis vigentes e sejam regidas por elevados padr\u00f5es de conduta \u00e9tica.<br>Garantir, por meio do nosso comportamento, a seguran\u00e7a dos direitos e obriga\u00e7\u00f5es da empresa e dos seus associados (clientes, colaboradores, fornecedores e comunidade).<br>O C\u00f3digo de \u00c9tica est\u00e1 organizado, para facilitar a sua leitura e compreens\u00e3o.<br>A busca pela postura \u00e9tica deve ser constante, ou seja, al\u00e9m de agir de forma justa, todos devem dar o exemplo e evitar que atos anti\u00e9ticos sejam cometidos.<\/p>\n\n\n\n<p><a href=\"https:\/\/www.baldin-bioenergia.com.br\/?page_id=326\">Pol\u00edtica de Privacidade<\/a><\/p>\n\n\n\n<p><a href=\"https:\/\/www.baldin-bioenergia.com.br\/?page_id=484\">Termo de Uso<\/a><\/p>\n","protected":false},"excerpt":{"rendered":"<p>O C\u00f3digo de \u00c9tica da Baldin Bioenergia \u00e9 mais um exemplo da transpar\u00eancia e profissionalismo com que desejamos conduzir os neg\u00f3cios da&nbsp; empresa.Junto com a nossa Vis\u00e3o, Valores e Miss\u00e3o, este c\u00f3digo \u00e9 um importante e saud\u00e1vel guia de relacionamento com todos os nossos associados: clientes, funcion\u00e1rios, fornecedores e comunidade.A seguran\u00e7a dos direitos e obriga\u00e7\u00f5es &hellip; <\/p>\n<p class=\"link-more\"><a href=\"https:\/\/www.baldin-bioenergia.com.br\/?page_id=116\" class=\"more-link\">Continue Lendo<span class=\"screen-reader-text\"> &#8220;C\u00f3digo de \u00c9tica&#8221;<\/span><\/a><\/p>\n","protected":false},"author":1,"featured_media":0,"parent":0,"menu_order":0,"comment_status":"closed","ping_status":"closed","template":"","meta":{"footnotes":""},"class_list":["post-116","page","type-page","status-publish","hentry"],"_links":{"self":[{"href":"https:\/\/www.baldin-bioenergia.com.br\/index.php?rest_route=\/wp\/v2\/pages\/116","targetHints":{"allow":["GET"]}}],"collection":[{"href":"https:\/\/www.baldin-bioenergia.com.br\/index.php?rest_route=\/wp\/v2\/pages"}],"about":[{"href":"https:\/\/www.baldin-bioenergia.com.br\/index.php?rest_route=\/wp\/v2\/types\/page"}],"author":[{"embeddable":true,"href":"https:\/\/www.baldin-bioenergia.com.br\/index.php?rest_route=\/wp\/v2\/users\/1"}],"replies":[{"embeddable":true,"href":"https:\/\/www.baldin-bioenergia.com.br\/index.php?rest_route=%2Fwp%2Fv2%2Fcomments&post=116"}],"version-history":[{"count":5,"href":"https:\/\/www.baldin-bioenergia.com.br\/index.php?rest_route=\/wp\/v2\/pages\/116\/revisions"}],"predecessor-version":[{"id":494,"href":"https:\/\/www.baldin-bioenergia.com.br\/index.php?rest_route=\/wp\/v2\/pages\/116\/revisions\/494"}],"wp:attachment":[{"href":"https:\/\/www.baldin-bioenergia.com.br\/index.php?rest_route=%2Fwp%2Fv2%2Fmedia&parent=116"}],"curies":[{"name":"wp","href":"https:\/\/api.w.org\/{rel}","templated":true}]}}