{"id":484,"date":"2022-07-28T08:42:02","date_gmt":"2022-07-28T11:42:02","guid":{"rendered":"https:\/\/www.baldin-bioenergia.com.br\/?page_id=484"},"modified":"2022-07-28T08:47:54","modified_gmt":"2022-07-28T11:47:54","slug":"termo-de-uso","status":"publish","type":"page","link":"https:\/\/www.baldin-bioenergia.com.br\/?page_id=484","title":{"rendered":"Termo de Uso"},"content":{"rendered":"\n<p>Este Termo de Uso regula os principais direitos e obriga\u00e7\u00f5es dos usu\u00e1rios ao acessar o site.\u00a0<\/p>\n\n\n\n<p>A Baldin &#8211; Em Recupera\u00e7\u00e3o Judicial \u00e9 uma empresa que atua na produ\u00e7\u00e3o e comercializa\u00e7\u00e3o de A\u00e7\u00facar Cristal, \u00c1lcool Et\u00edlico Hidratado Carburante,\u00a0 Xarope, Mela\u00e7o e Cogera\u00e7\u00e3o de Energia El\u00e9trica provindos do cultivo de cana-de-a\u00e7\u00facar.\u00a0<\/p>\n\n\n\n<p>Ao utilizar o site, o usu\u00e1rio poder\u00e1 obter informa\u00e7\u00f5es sobre:\u00a0<\/p>\n\n\n\n<p>Institucional &#8211; Recursos Humanos &#8211; Meio Ambiente &#8211; Recupera\u00e7\u00e3o Judicial \u2013 Trabalhe Conosco\u00a0<\/p>\n\n\n\n<p>A Baldin poder\u00e1, a seu exclusivo crit\u00e9rio e a qualquer tempo, modificar o presente documento.\u00a0<\/p>\n\n\n\n<p>O usu\u00e1rio poder\u00e1 comunicar-se com a Baldin\u00a0 por meio do telefone dispon\u00edvel no link Pol\u00edtica de Privacidade do Site.\u00a0<\/p>\n\n\n\n<p>Conforme Previsto na Pol\u00edtica de Privacidade, dispon\u00edvel em nosso site www.baldin-bioenergia.com.br, a eventual coleta de dados ser\u00e1 realizada de acordo e nos limites da Lei n\u00ba 13.709\/2018 (\u201cLei de Prote\u00e7\u00e3o de Dados\u201d).\u00a0<\/p>\n\n\n\n<p>A Baldin n\u00e3o autoriza o uso dos e-mails disponibilizados no site para fins de e-mail de marketing, spam, marketing de rede.\u00a0<\/p>\n\n\n\n<p>A Baldin reserva todos os direitos de propriedade intelectual sobre os artigos, fotos, imagens e conte\u00fado, n\u00e3o podendo utiliza-las sem autoriza\u00e7\u00e3o expressa sob pena de cometer infra\u00e7\u00e3o aos direitos autorais, ficando sujeito as penas da Lei.\u00a0<\/p>\n\n\n\n<p>As partes elegem o foro da Comarca de Pirassununga\/SP para dirimir eventuais controv\u00e9rsias decorrentes deste contrato.\u00a0<\/p>\n\n\n\n<p>E, por estarem justos e acordados seus termos, o Usu\u00e1rio declara sua inequ\u00edvoca ci\u00eancia e manifesta expressa concord\u00e2ncia a todas as cl\u00e1usulas, obriga\u00e7\u00f5es, declara\u00e7\u00f5es, direitos, \u00f4nus e responsabilidades previstos neste contrato.&nbsp;<\/p>\n","protected":false},"excerpt":{"rendered":"<p>Este Termo de Uso regula os principais direitos e obriga\u00e7\u00f5es dos usu\u00e1rios ao acessar o site.\u00a0 A Baldin &#8211; Em Recupera\u00e7\u00e3o Judicial \u00e9 uma empresa que atua na produ\u00e7\u00e3o e comercializa\u00e7\u00e3o de A\u00e7\u00facar Cristal, \u00c1lcool Et\u00edlico Hidratado Carburante,\u00a0 Xarope, Mela\u00e7o e Cogera\u00e7\u00e3o de Energia El\u00e9trica provindos do cultivo de cana-de-a\u00e7\u00facar.\u00a0 Ao utilizar o site, o &hellip; <\/p>\n<p class=\"link-more\"><a href=\"https:\/\/www.baldin-bioenergia.com.br\/?page_id=484\" class=\"more-link\">Continue Lendo<span class=\"screen-reader-text\"> &#8220;Termo de Uso&#8221;<\/span><\/a><\/p>\n","protected":false},"author":1,"featured_media":0,"parent":0,"menu_order":0,"comment_status":"closed","ping_status":"closed","template":"","meta":{"footnotes":""},"class_list":["post-484","page","type-page","status-publish","hentry"],"_links":{"self":[{"href":"https:\/\/www.baldin-bioenergia.com.br\/index.php?rest_route=\/wp\/v2\/pages\/484","targetHints":{"allow":["GET"]}}],"collection":[{"href":"https:\/\/www.baldin-bioenergia.com.br\/index.php?rest_route=\/wp\/v2\/pages"}],"about":[{"href":"https:\/\/www.baldin-bioenergia.com.br\/index.php?rest_route=\/wp\/v2\/types\/page"}],"author":[{"embeddable":true,"href":"https:\/\/www.baldin-bioenergia.com.br\/index.php?rest_route=\/wp\/v2\/users\/1"}],"replies":[{"embeddable":true,"href":"https:\/\/www.baldin-bioenergia.com.br\/index.php?rest_route=%2Fwp%2Fv2%2Fcomments&post=484"}],"version-history":[{"count":2,"href":"https:\/\/www.baldin-bioenergia.com.br\/index.php?rest_route=\/wp\/v2\/pages\/484\/revisions"}],"predecessor-version":[{"id":490,"href":"https:\/\/www.baldin-bioenergia.com.br\/index.php?rest_route=\/wp\/v2\/pages\/484\/revisions\/490"}],"wp:attachment":[{"href":"https:\/\/www.baldin-bioenergia.com.br\/index.php?rest_route=%2Fwp%2Fv2%2Fmedia&parent=484"}],"curies":[{"name":"wp","href":"https:\/\/api.w.org\/{rel}","templated":true}]}}