{"id":680,"date":"2024-03-28T14:07:40","date_gmt":"2024-03-28T17:07:40","guid":{"rendered":"https:\/\/www.baldin-bioenergia.com.br\/?page_id=680"},"modified":"2026-03-24T10:33:01","modified_gmt":"2026-03-24T13:33:01","slug":"transparencia","status":"publish","type":"page","link":"https:\/\/www.baldin-bioenergia.com.br\/?page_id=680","title":{"rendered":"Transpar\u00eancia"},"content":{"rendered":"\n<p>A Baldin Bioenergia publicou os seus <strong>Relat\u00f3rios de Transpar\u00eancia e Igualdade Salarial de Mulheres e Homens<\/strong>, em atendimento a Lei N\u00ba 14.611, de 3.07.2023, que disp\u00f5e sobre a igualdade salarial e de crit\u00e9rios remunerat\u00f3rios. <\/p>\n\n\n\n<p>Os documentos com as informa\u00e7\u00f5es est\u00e3o dispon\u00edveis atrav\u00e9s dos links abaixo:<\/p>\n\n\n\n<p><strong>Baldin Bioenergia S.A &#8211; Em Recupera\u00e7\u00e3o Judicial:<\/strong><\/p>\n\n\n\n<p><a href=\"https:\/\/www.baldin-bioenergia.com.br\/wp-content\/uploads\/2026\/03\/Relatorio-de-Transparencia-e-Igualdade-Salarial-de-Mulheres-e-Homens-1o-Ciclo-2026-BALDIN.pdf\" target=\"_blank\" rel=\"noreferrer noopener\">1\u00ba Semestre-2026<\/a><\/p>\n\n\n\n<p><a href=\"https:\/\/www.baldin-bioenergia.com.br\/wp-content\/uploads\/2025\/09\/Relatorio-de-Transparencia-e-Igualdade-Salarial-de-Mulheres-e-Homens-2o-Ciclo-2025-BALDIN.pdf\" target=\"_blank\" rel=\"noreferrer noopener\">2\u00ba Semestre-2025<\/a><\/p>\n\n\n\n<p id=\"block-261d2c28-7fbd-4f27-a090-00382b940639\"><a href=\"https:\/\/www.baldin-bioenergia.com.br\/wp-content\/uploads\/2025\/03\/Relatorio-de-Transparencia-e-Igualdade-Salarial-de-Mulheres-e-Homens-1o-Ciclo-2025-BALDIN.pdf\" target=\"_blank\" rel=\"noreferrer noopener\">1\u00ba Semestre-2025<\/a><\/p>\n\n\n\n<p id=\"block-4593c225-21fa-4168-9f9a-4b44f39032a4\"><a href=\"https:\/\/www.baldin-bioenergia.com.br\/wp-content\/uploads\/2025\/09\/Relatorio-de-Transparencia-e-Igualdade-Salarial-de-Mulheres-e-Homens-2o-Ciclo-2025-BALDIN.pdf\" target=\"_blank\" rel=\"noreferrer noopener\">2\u00ba Semestre-2024<\/a><\/p>\n\n\n\n<p><a href=\"https:\/\/www.baldin-bioenergia.com.br\/wp-content\/uploads\/2024\/03\/Relatorio-de-Transparencia-e-Igualdade-Salarial-de-Mulheres-e-Homens-1-Semestre-2024-BALDIN.pdf\" target=\"_blank\" rel=\"noreferrer noopener\">1\u00ba Semestre-2024<\/a><\/p>\n\n\n\n<p><strong>Agr\u00edcola Baldin S.A &#8211; Em Recupera\u00e7\u00e3o Judicial: <\/strong><\/p>\n\n\n\n<p><a href=\"https:\/\/www.baldin-bioenergia.com.br\/wp-content\/uploads\/2026\/03\/Relatorio-de-Transparencia-e-Igualdade-Salarial-de-Mulheres-e-Homens-1o-Ciclo-2026-AGRICOLA.pdf\" target=\"_blank\" rel=\"noreferrer noopener\">1\u00ba Semestre-2026<\/a><\/p>\n\n\n\n<p><a href=\"https:\/\/www.baldin-bioenergia.com.br\/wp-content\/uploads\/2025\/09\/Relatorio-de-Transparencia-e-Igualdade-Salarial-de-Mulheres-e-Homens-2o-Ciclo-2025-AGRICOLA.pdf\" target=\"_blank\" rel=\"noreferrer noopener\">2\u00ba Semestre-2025<\/a><\/p>\n\n\n\n<p id=\"block-261d2c28-7fbd-4f27-a090-00382b940639\"><a href=\"https:\/\/www.baldin-bioenergia.com.br\/wp-content\/uploads\/2025\/03\/Relatorio-de-Transparencia-e-Igualdade-Salarial-de-Mulheres-e-Homens-1o-Ciclo-2025-AGRICOLA.pdf\" target=\"_blank\" rel=\"noreferrer noopener\">1\u00ba Semestre-2025<\/a><\/p>\n\n\n\n<p><a href=\"https:\/\/www.baldin-bioenergia.com.br\/wp-content\/uploads\/2024\/09\/Relatorio-de-Transparencia-e-Igualdade-Salarial-de-Mulheres-e-Homens-2-Semestre-AGRICOLA.pdf\" target=\"_blank\" rel=\"noreferrer noopener\">2\u00ba Semestre-2024<\/a><\/p>\n\n\n\n<p><a href=\"https:\/\/www.baldin-bioenergia.com.br\/wp-content\/uploads\/2024\/03\/Relatorio-de-Transparencia-e-Igualdade-Salarial-de-Mulheres-e-Homens-1-Semestre-2024-AGRICOLA.pdf\" target=\"_blank\" rel=\"noreferrer noopener\">1\u00ba Semestre-2024<\/a><\/p>\n\n\n\n<p><\/p>\n\n\n\n<p><\/p>\n","protected":false},"excerpt":{"rendered":"<p>A Baldin Bioenergia publicou os seus Relat\u00f3rios de Transpar\u00eancia e Igualdade Salarial de Mulheres e Homens, em atendimento a Lei N\u00ba 14.611, de 3.07.2023, que disp\u00f5e sobre a igualdade salarial e de crit\u00e9rios remunerat\u00f3rios. Os documentos com as informa\u00e7\u00f5es est\u00e3o dispon\u00edveis atrav\u00e9s dos links abaixo: Baldin Bioenergia S.A &#8211; Em Recupera\u00e7\u00e3o Judicial: 1\u00ba Semestre-2026 2\u00ba &hellip; <\/p>\n<p class=\"link-more\"><a href=\"https:\/\/www.baldin-bioenergia.com.br\/?page_id=680\" class=\"more-link\">Continue Lendo<span class=\"screen-reader-text\"> &#8220;Transpar\u00eancia&#8221;<\/span><\/a><\/p>\n","protected":false},"author":1,"featured_media":0,"parent":0,"menu_order":0,"comment_status":"closed","ping_status":"closed","template":"","meta":{"footnotes":""},"class_list":["post-680","page","type-page","status-publish","hentry"],"_links":{"self":[{"href":"https:\/\/www.baldin-bioenergia.com.br\/index.php?rest_route=\/wp\/v2\/pages\/680","targetHints":{"allow":["GET"]}}],"collection":[{"href":"https:\/\/www.baldin-bioenergia.com.br\/index.php?rest_route=\/wp\/v2\/pages"}],"about":[{"href":"https:\/\/www.baldin-bioenergia.com.br\/index.php?rest_route=\/wp\/v2\/types\/page"}],"author":[{"embeddable":true,"href":"https:\/\/www.baldin-bioenergia.com.br\/index.php?rest_route=\/wp\/v2\/users\/1"}],"replies":[{"embeddable":true,"href":"https:\/\/www.baldin-bioenergia.com.br\/index.php?rest_route=%2Fwp%2Fv2%2Fcomments&post=680"}],"version-history":[{"count":21,"href":"https:\/\/www.baldin-bioenergia.com.br\/index.php?rest_route=\/wp\/v2\/pages\/680\/revisions"}],"predecessor-version":[{"id":727,"href":"https:\/\/www.baldin-bioenergia.com.br\/index.php?rest_route=\/wp\/v2\/pages\/680\/revisions\/727"}],"wp:attachment":[{"href":"https:\/\/www.baldin-bioenergia.com.br\/index.php?rest_route=%2Fwp%2Fv2%2Fmedia&parent=680"}],"curies":[{"name":"wp","href":"https:\/\/api.w.org\/{rel}","templated":true}]}}